{"id":15521,"date":"2018-04-19T16:28:46","date_gmt":"2018-04-19T14:28:46","guid":{"rendered":"http:\/\/dagsonmedia.com\/budowlana\/?page_id=15521"},"modified":"2018-04-20T20:15:37","modified_gmt":"2018-04-20T18:15:37","slug":"plytki-ceglane","status":"publish","type":"page","link":"https:\/\/www.festi.pl\/index.php\/plytki-ceglane\/","title":{"rendered":"P\u0142ytki ceglane"},"content":{"rendered":"<p>[vc_row css_animation=&#8221;&#8221; row_type=&#8221;row&#8221; use_row_as_full_screen_section=&#8221;yes&#8221; type=&#8221;grid&#8221; angled_section=&#8221;no&#8221; text_align=&#8221;left&#8221; background_image_as_pattern=&#8221;without_pattern&#8221; padding_top=&#8221;35&#8243; z_index=&#8221;&#8221;][vc_column css_animation=&#8221;slideInLeft&#8221; width=&#8221;1\/2&#8243;][vc_column_text]<\/p>\n<h3 style=\"text-align: center;\">P\u0141YTKI CEGLANE<\/h3>\n<p>[\/vc_column_text][vc_separator type=&#8221;normal&#8221; up=&#8221;10&#8243; down=&#8221;35&#8243;][vc_column_text]<\/p>\n<p style=\"text-align: justify;\">Wsp\u00f3\u0142pracujemy z firmami kt\u00f3re wytwarzaj\u0105 p\u0142ytki ceglane pochodz\u0105ce z cegie\u0142 z prze\u0142omu XIX i XX wieku. Stare ceg\u0142y pozyskiwane s\u0105 z rozbi\u00f3rki budynk\u00f3w z wy\u017cej wymienionego okresu. Stosowana ceg\u0142a na \u015bcianie dzi\u0119ki starodawnej technice wypalania oraz doboru odpowiedniej gliny jest du\u017co lepszej jako\u015bci ni\u017c ceg\u0142y produkowane obecnie.<\/p>\n<p>[vc_separator type=&#8217;normal&#8217; position=&#8217;center&#8217; color=&#8221; thickness=&#8221; up=&#8217;10&#8217; down=&#8217;10&#8217;]<\/p>\n<h6 style=\"text-align: left;\">Je\u015bli jeste\u015b zainteresowany zakupem p\u0142ytek ceglanych skontaktuj si\u0119 z nami. Zrealizujemy zam\u00f3wienie oraz zorganizujemy transport.<\/h6>\n<p>[\/vc_column_text][\/vc_column][vc_column css_animation=&#8221;slideInRight&#8221; width=&#8221;1\/2&#8243;][vc_single_image image=&#8221;15439&#8243; img_size=&#8221;full&#8221; qode_css_animation=&#8221;&#8221;][\/vc_column][\/vc_row][vc_row css_animation=&#8221;&#8221; row_type=&#8221;row&#8221; use_row_as_full_screen_section=&#8221;no&#8221; type=&#8221;full_width&#8221; angled_section=&#8221;no&#8221; text_align=&#8221;left&#8221; background_image_as_pattern=&#8221;without_pattern&#8221;][vc_column][vc_empty_space][\/vc_column][\/vc_row][vc_row css_animation=&#8221;&#8221; row_type=&#8221;row&#8221; use_row_as_full_screen_section=&#8221;no&#8221; type=&#8221;full_width&#8221; angled_section=&#8221;no&#8221; text_align=&#8221;center&#8221; background_image_as_pattern=&#8221;without_pattern&#8221; z_index=&#8221;&#8221;][vc_column css_animation=&#8221;zoomIn&#8221;]<div class=\"call_to_action normal\" style=\"background-color: #a6c400;\"><div class=\"container_inner\"><div class=\"text_wrapper \"><div class=\"call_to_action_text \" style=\"\">\n<p style=\"text-align: center;\"><span style=\"color: #ffffff;\">RODZAJE CEGIE\u0141<\/span><\/p>\n<\/div><\/div><\/div><\/div>[\/vc_column][\/vc_row][vc_row css_animation=&#8221;&#8221; row_type=&#8221;row&#8221; use_row_as_full_screen_section=&#8221;yes&#8221; type=&#8221;grid&#8221; angled_section=&#8221;no&#8221; text_align=&#8221;left&#8221; background_image_as_pattern=&#8221;without_pattern&#8221; padding_top=&#8221;35&#8243; padding_bottom=&#8221;35&#8243; z_index=&#8221;&#8221;][vc_column width=&#8221;1\/2&#8243;][vc_column_text]<\/p>\n<h3 style=\"text-align: center;\">P\u0141YTKI Z LICA CEGIE\u0141<\/h3>\n<p>[\/vc_column_text][vc_separator type=&#8221;normal&#8221; up=&#8221;10&#8243; down=&#8221;35&#8243;][vc_column_text]<\/p>\n<p style=\"text-align: justify;\">P\u0142ytki z lic s\u0105 poddawane starannemu r\u0119cznemu czyszczeniu, a nast\u0119pnie obr\u00f3bce mechanicznej przy pomocy specjalistycznych maszyn co w efekcie finalnym daje \u015bwietny wygl\u0105d estetyczny historycznej ceg\u0142y. Oferowane produkty na zdj\u0119ciach mog\u0105 si\u0119 nieco r\u00f3\u017cni\u0107 barw\u0105 poniewa\u017c posiadamy ceg\u0142y z r\u00f3\u017cnych budynk\u00f3w historycznych.<\/p>\n<p>[\/vc_column_text][vc_separator type=&#8221;transparent&#8221; up=&#8221;5&#8243; down=&#8221;5&#8243;][vc_column_text]<strong>D\u0142ugo\u015b\u0107: 25cm<\/strong><\/p>\n<p><strong>Szeroko\u015b\u0107:6,5cm<\/strong><\/p>\n<p><strong>Grubo\u015b\u0107: 2,2cm<\/strong>[\/vc_column_text][\/vc_column][vc_column width=&#8221;1\/2&#8243;][vc_single_image image=&#8221;15546&#8243; img_size=&#8221;full&#8221; qode_css_animation=&#8221;&#8221;][\/vc_column][\/vc_row][vc_row css_animation=&#8221;&#8221; row_type=&#8221;row&#8221; use_row_as_full_screen_section=&#8221;no&#8221; type=&#8221;full_width&#8221; angled_section=&#8221;no&#8221; text_align=&#8221;left&#8221; background_image_as_pattern=&#8221;without_pattern&#8221;][vc_column][vc_separator type=&#8221;transparent&#8221; up=&#8221;10&#8243; down=&#8221;10&#8243;][\/vc_column][\/vc_row][vc_row css_animation=&#8221;&#8221; row_type=&#8221;row&#8221; use_row_as_full_screen_section=&#8221;yes&#8221; type=&#8221;grid&#8221; angled_section=&#8221;no&#8221; text_align=&#8221;left&#8221; background_image_as_pattern=&#8221;without_pattern&#8221; padding_top=&#8221;35&#8243; padding_bottom=&#8221;35&#8243; z_index=&#8221;&#8221;][vc_column css_animation=&#8221;zoomIn&#8221; width=&#8221;1\/2&#8243;][vc_column_text]<\/p>\n<h3 style=\"text-align: center;\">P\u0141YTKI Z LICA POD\u0141OGOWA<\/h3>\n<p>[\/vc_column_text][vc_separator type=&#8221;normal&#8221; up=&#8221;10&#8243; down=&#8221;35&#8243;][vc_separator type=&#8221;transparent&#8221; up=&#8221;5&#8243; down=&#8221;5&#8243;][vc_column_text]<strong>D\u0142ugo\u015b\u0107: 25cm <\/strong><br \/>\n<strong>Szeroko\u015b\u0107:12cm <\/strong><br \/>\n<strong>Grubo\u015b\u0107: 3cm<\/strong>[\/vc_column_text][\/vc_column][vc_column css_animation=&#8221;zoomIn&#8221; width=&#8221;1\/2&#8243;][vc_single_image image=&#8221;15548&#8243; img_size=&#8221;full&#8221; qode_css_animation=&#8221;&#8221;][\/vc_column][\/vc_row][vc_row css_animation=&#8221;&#8221; row_type=&#8221;row&#8221; use_row_as_full_screen_section=&#8221;no&#8221; type=&#8221;full_width&#8221; angled_section=&#8221;no&#8221; text_align=&#8221;left&#8221; background_image_as_pattern=&#8221;without_pattern&#8221;][vc_column][vc_separator type=&#8221;transparent&#8221; up=&#8221;10&#8243; down=&#8221;10&#8243;][\/vc_column][\/vc_row][vc_row css_animation=&#8221;&#8221; row_type=&#8221;row&#8221; use_row_as_full_screen_section=&#8221;yes&#8221; type=&#8221;grid&#8221; angled_section=&#8221;no&#8221; text_align=&#8221;left&#8221; background_image_as_pattern=&#8221;without_pattern&#8221; padding_top=&#8221;35&#8243; padding_bottom=&#8221;35&#8243; z_index=&#8221;&#8221;][vc_column css_animation=&#8221;zoomIn&#8221; width=&#8221;1\/2&#8243;][vc_column_text]<\/p>\n<h3 style=\"text-align: center;\">LICO MODERN<\/h3>\n<p>[\/vc_column_text][vc_separator type=&#8221;normal&#8221; up=&#8221;10&#8243; down=&#8221;35&#8243;][vc_column_text]<\/p>\n<p style=\"text-align: justify;\">Lico Modern &#8211; najnowszy produkt, kt\u00f3ry charakteryzuje si\u0119 dwoma szlifowanymi kraw\u0119dziami w celu u\u0142atwienia fugowania oraz \u0142\u0105czy styl retro ze stylem modern dzi\u0119ki prostej linii ci\u0119cia. Dominuje na nim znaczna ilo\u015b\u0107 starej wapiennej oraz piaskowej zaprawy, kt\u00f3ra podkre\u015bla charakter starej \u015bciany.<\/p>\n<p>[\/vc_column_text][vc_separator type=&#8221;transparent&#8221; up=&#8221;5&#8243; down=&#8221;5&#8243;][vc_column_text]<strong>D\u0142ugo\u015b\u0107: 25cm <\/strong><br \/>\n<strong>Szeroko\u015b\u0107:6,5cm <\/strong><br \/>\n<strong>Grubo\u015b\u0107: 2,2cm<\/strong>[\/vc_column_text][\/vc_column][vc_column css_animation=&#8221;zoomIn&#8221; width=&#8221;1\/2&#8243;][vc_single_image image=&#8221;15550&#8243; img_size=&#8221;full&#8221; qode_css_animation=&#8221;&#8221;][\/vc_column][\/vc_row][vc_row css_animation=&#8221;&#8221; row_type=&#8221;row&#8221; use_row_as_full_screen_section=&#8221;no&#8221; type=&#8221;full_width&#8221; angled_section=&#8221;no&#8221; text_align=&#8221;left&#8221; background_image_as_pattern=&#8221;without_pattern&#8221;][vc_column][vc_separator type=&#8221;transparent&#8221; up=&#8221;10&#8243; down=&#8221;10&#8243;][\/vc_column][\/vc_row][vc_row css_animation=&#8221;&#8221; row_type=&#8221;row&#8221; use_row_as_full_screen_section=&#8221;yes&#8221; type=&#8221;grid&#8221; angled_section=&#8221;no&#8221; text_align=&#8221;left&#8221; background_image_as_pattern=&#8221;without_pattern&#8221; padding_top=&#8221;35&#8243; padding_bottom=&#8221;35&#8243; z_index=&#8221;&#8221;][vc_column css_animation=&#8221;zoomIn&#8221; width=&#8221;1\/2&#8243;][vc_column_text]<\/p>\n<h3 style=\"text-align: center;\">P\u0141YTKA Z LICA MINI<\/h3>\n<p>[\/vc_column_text][vc_separator type=&#8221;normal&#8221; up=&#8221;10&#8243; down=&#8221;35&#8243;][vc_column_text]<strong>D\u0142ugo\u015b\u0107: 12cm <\/strong><br \/>\n<strong>Szeroko\u015b\u0107:6,5cm <\/strong><br \/>\n<strong>Grubo\u015b\u0107: 2,2cm<\/strong>[\/vc_column_text][\/vc_column][vc_column css_animation=&#8221;zoomIn&#8221; width=&#8221;1\/2&#8243;][vc_single_image image=&#8221;15552&#8243; img_size=&#8221;full&#8221; qode_css_animation=&#8221;&#8221;][\/vc_column][\/vc_row][vc_row css_animation=&#8221;&#8221; row_type=&#8221;row&#8221; use_row_as_full_screen_section=&#8221;no&#8221; type=&#8221;full_width&#8221; angled_section=&#8221;no&#8221; text_align=&#8221;left&#8221; background_image_as_pattern=&#8221;without_pattern&#8221;][vc_column][vc_separator type=&#8221;transparent&#8221; up=&#8221;10&#8243; down=&#8221;10&#8243;][\/vc_column][\/vc_row][vc_row css_animation=&#8221;&#8221; row_type=&#8221;row&#8221; use_row_as_full_screen_section=&#8221;yes&#8221; type=&#8221;grid&#8221; angled_section=&#8221;no&#8221; text_align=&#8221;left&#8221; background_image_as_pattern=&#8221;without_pattern&#8221; padding_top=&#8221;35&#8243; padding_bottom=&#8221;35&#8243; z_index=&#8221;&#8221;][vc_column css_animation=&#8221;zoomIn&#8221; width=&#8221;1\/2&#8243;][vc_column_text]<\/p>\n<h3 style=\"text-align: center;\">P\u0141YTKI DO MALOWANIA<\/h3>\n<p>[\/vc_column_text][vc_separator type=&#8221;normal&#8221; up=&#8221;10&#8243; down=&#8221;35&#8243;][vc_column_text]<\/p>\n<p style=\"text-align: justify;\">P\u0142ytki do malowania \u2013 s\u0105 to \u015brodki cegie\u0142 pochodz\u0105cych z prze\u0142omu XIX i XX wieku, wyselekcjonowanych spo\u015br\u00f3d przedwojennych budynk\u00f3w. <strong>P\u0142ytki \u015bwietnie nadaj\u0105 si\u0119 do malowania jak r\u00f3wnie\u017c do monta\u017cu na \u015bcian\u0119 bez farby<\/strong> dla uzyskania niepowtarzalnego efektu, r\u00f3\u017cnorodno\u015bci kolor\u00f3w i struktury p\u0142ytek kt\u00f3re s\u0105 \u015brodkami cegie\u0142, p\u0142ytki poddawane s\u0105 starannemu r\u0119cznemu czyszczeniu, a nast\u0119pnie obr\u00f3bce mechanicznej przy pomocy specjalistycznych maszyn co w efekcie finalnym ukazuje \u015bwietnie zachowany \u015brodek ceg\u0142y historycznej. \u015awietnie nadaj\u0105 si\u0119 do malowania jak i monta\u017cu bez farby (tylko impregnacja).<\/p>\n<p>[\/vc_column_text][vc_separator type=&#8221;transparent&#8221; up=&#8221;5&#8243; down=&#8221;5&#8243;][vc_column_text]<strong>D\u0142ugo\u015b\u0107: 25cm <\/strong><br \/>\n<strong>Szeroko\u015b\u0107:6,5cm <\/strong><br \/>\n<strong>Grubo\u015b\u0107: 2,2cm<\/strong><\/p>\n<p><strong>\u00a0<\/strong>[\/vc_column_text][\/vc_column][vc_column css_animation=&#8221;zoomIn&#8221; width=&#8221;1\/2&#8243;][vc_single_image image=&#8221;15557&#8243; img_size=&#8221;full&#8221; qode_css_animation=&#8221;&#8221;][\/vc_column][\/vc_row][vc_row css_animation=&#8221;&#8221; row_type=&#8221;row&#8221; use_row_as_full_screen_section=&#8221;no&#8221; type=&#8221;full_width&#8221; angled_section=&#8221;no&#8221; text_align=&#8221;left&#8221; background_image_as_pattern=&#8221;without_pattern&#8221;][vc_column][vc_separator type=&#8221;transparent&#8221; up=&#8221;10&#8243; down=&#8221;10&#8243;][\/vc_column][\/vc_row][vc_row css_animation=&#8221;&#8221; row_type=&#8221;row&#8221; use_row_as_full_screen_section=&#8221;yes&#8221; type=&#8221;grid&#8221; angled_section=&#8221;no&#8221; text_align=&#8221;left&#8221; background_image_as_pattern=&#8221;without_pattern&#8221; padding_top=&#8221;35&#8243; padding_bottom=&#8221;35&#8243; z_index=&#8221;&#8221;][vc_column css_animation=&#8221;zoomIn&#8221; width=&#8221;1\/2&#8243;][vc_column_text]<\/p>\n<h3 style=\"text-align: center;\">P\u0141YTKI DO MALOWANIA MINI<\/h3>\n<p>[\/vc_column_text][vc_separator type=&#8221;normal&#8221; up=&#8221;10&#8243; down=&#8221;35&#8243;][vc_column_text]<\/p>\n<p style=\"text-align: justify;\">P\u0142ytki do malowania mini \u2013 s\u0105 to \u015brodki cegie\u0142 pochodz\u0105cych z prze\u0142omu XIX i XX wieku, wyselekcjonowanych spo\u015br\u00f3d przedwojennych budynk\u00f3w. P\u0142ytki do malowania s\u0105 poddawane starannemu r\u0119cznemu czyszczeniu, a nast\u0119pnie obr\u00f3bce mechanicznej przy pomocy specjalistycznych maszyn co w efekcie finalnym ukazuje \u015bwietnie zachowany \u015brodek ceg\u0142y historycznej. \u015awietnie nadaj\u0105 si\u0119 do malowania jak i monta\u017cu bez farby (tylko impregnacja).<\/p>\n<p>[\/vc_column_text][vc_separator type=&#8221;transparent&#8221; up=&#8221;5&#8243; down=&#8221;5&#8243;][vc_column_text]<strong>D\u0142ugo\u015b\u0107: 12cm<br \/>\nSzeroko\u015b\u0107:6,5cm<br \/>\nGrubo\u015b\u0107: 2,2cm<\/strong><\/p>\n<p><strong>\u00a0<\/strong><\/p>\n<p><strong>\u00a0<\/strong>[\/vc_column_text][\/vc_column][vc_column css_animation=&#8221;zoomIn&#8221; width=&#8221;1\/2&#8243;][vc_single_image image=&#8221;15559&#8243; img_size=&#8221;full&#8221; qode_css_animation=&#8221;&#8221;][\/vc_column][\/vc_row][vc_row css_animation=&#8221;&#8221; row_type=&#8221;row&#8221; use_row_as_full_screen_section=&#8221;no&#8221; type=&#8221;full_width&#8221; angled_section=&#8221;no&#8221; text_align=&#8221;left&#8221; background_image_as_pattern=&#8221;without_pattern&#8221;][vc_column][vc_separator type=&#8221;transparent&#8221; up=&#8221;10&#8243; down=&#8221;10&#8243;][\/vc_column][\/vc_row][vc_row css_animation=&#8221;&#8221; row_type=&#8221;row&#8221; use_row_as_full_screen_section=&#8221;yes&#8221; type=&#8221;grid&#8221; angled_section=&#8221;no&#8221; text_align=&#8221;left&#8221; background_image_as_pattern=&#8221;without_pattern&#8221; padding_top=&#8221;35&#8243; z_index=&#8221;&#8221;][vc_column css_animation=&#8221;zoomIn&#8221; width=&#8221;1\/2&#8243;][vc_column_text]<\/p>\n<h3 style=\"text-align: center;\">MIX KAWA\u0141K\u00d3W<\/h3>\n<p>[\/vc_column_text][vc_separator type=&#8221;normal&#8221; up=&#8221;10&#8243; down=&#8221;35&#8243;][vc_column_text]<\/p>\n<p style=\"text-align: justify;\">Mix kawa\u0142k\u00f3w &#8211; s\u0105 to p\u0142ytki z ceg\u0142y (warstwy wewn\u0119trzne i zewn\u0119trzne) pochodz\u0105ce z prze\u0142omu XIX i XX wieku o r\u00f3\u017cnych rozmiarach (d\u0142ugo\u015b\u0107). P\u0142ytki z lic s\u0105 poddawane starannemu r\u0119cznemu czyszczeniu, a nast\u0119pnie obr\u00f3bce mechanicznej przy pomocy specjalistycznych maszyn co w efekcie finalnym daje \u015bwietny wygl\u0105d estetyczny p\u0142ytek z cegie\u0142 o r\u00f3\u017cnych rozmiarach.<\/p>\n<p>[\/vc_column_text][vc_separator type=&#8221;transparent&#8221; up=&#8221;5&#8243; down=&#8221;5&#8243;][vc_column_text]<strong>D\u0142ugo\u015b\u0107: od 25 do 5cm\u00a0<\/strong><\/p>\n<p><strong>Szeroko\u015b\u0107:6,5cm<\/strong><\/p>\n<p><strong>Grubo\u015b\u0107: od 1,8 do 2,4cm<\/strong><\/p>\n<p><strong>\u00a0<\/strong><\/p>\n<p><strong>\u00a0<\/strong><\/p>\n<p><strong>\u00a0<\/strong>[\/vc_column_text][\/vc_column][vc_column css_animation=&#8221;zoomIn&#8221; width=&#8221;1\/2&#8243;][vc_single_image image=&#8221;15561&#8243; img_size=&#8221;full&#8221; qode_css_animation=&#8221;&#8221;][\/vc_column][\/vc_row][vc_row css_animation=&#8221;&#8221; row_type=&#8221;row&#8221; use_row_as_full_screen_section=&#8221;no&#8221; type=&#8221;full_width&#8221; angled_section=&#8221;no&#8221; text_align=&#8221;left&#8221; background_image_as_pattern=&#8221;without_pattern&#8221;][vc_column][vc_empty_space height=&#8221;52px&#8221;][\/vc_column][\/vc_row]<\/p>\n","protected":false},"excerpt":{"rendered":"<p>[vc_row css_animation=&#8221;&#8221; row_type=&#8221;row&#8221; use_row_as_full_screen_section=&#8221;yes&#8221; type=&#8221;grid&#8221; angled_section=&#8221;no&#8221; text_align=&#8221;left&#8221; background_image_as_pattern=&#8221;without_pattern&#8221; padding_top=&#8221;35&#8243; z_index=&#8221;&#8221;][vc_column css_animation=&#8221;slideInLeft&#8221; width=&#8221;1\/2&#8243;][vc_column_text] P\u0141YTKI CEGLANE [\/vc_column_text][vc_separator type=&#8221;normal&#8221; up=&#8221;10&#8243; down=&#8221;35&#8243;][vc_column_text] Wsp\u00f3\u0142pracujemy z firmami kt\u00f3re wytwarzaj\u0105 p\u0142ytki ceglane pochodz\u0105ce z cegie\u0142 z prze\u0142omu XIX i XX wieku. Stare ceg\u0142y pozyskiwane s\u0105 z rozbi\u00f3rki budynk\u00f3w z wy\u017cej wymienionego okresu&#8230;.<\/p>\n","protected":false},"author":1,"featured_media":0,"parent":0,"menu_order":0,"comment_status":"closed","ping_status":"closed","template":"full_width.php","meta":{"footnotes":""},"_links":{"self":[{"href":"https:\/\/www.festi.pl\/index.php\/wp-json\/wp\/v2\/pages\/15521"}],"collection":[{"href":"https:\/\/www.festi.pl\/index.php\/wp-json\/wp\/v2\/pages"}],"about":[{"href":"https:\/\/www.festi.pl\/index.php\/wp-json\/wp\/v2\/types\/page"}],"author":[{"embeddable":true,"href":"https:\/\/www.festi.pl\/index.php\/wp-json\/wp\/v2\/users\/1"}],"replies":[{"embeddable":true,"href":"https:\/\/www.festi.pl\/index.php\/wp-json\/wp\/v2\/comments?post=15521"}],"version-history":[{"count":46,"href":"https:\/\/www.festi.pl\/index.php\/wp-json\/wp\/v2\/pages\/15521\/revisions"}],"predecessor-version":[{"id":15578,"href":"https:\/\/www.festi.pl\/index.php\/wp-json\/wp\/v2\/pages\/15521\/revisions\/15578"}],"wp:attachment":[{"href":"https:\/\/www.festi.pl\/index.php\/wp-json\/wp\/v2\/media?parent=15521"}],"curies":[{"name":"wp","href":"https:\/\/api.w.org\/{rel}","templated":true}]}}